{"id":10729,"date":"2022-01-27T03:35:48","date_gmt":"2022-01-27T03:35:48","guid":{"rendered":"https:\/\/makrodijital.com\/galeri\/"},"modified":"2024-02-22T08:33:30","modified_gmt":"2024-02-22T08:33:30","slug":"urunler","status":"publish","type":"page","link":"https:\/\/makrodijital.com\/en\/urunler\/","title":{"rendered":"\u00dcr\u00fcnler"},"content":{"rendered":"\t\t<div data-elementor-type=\"wp-page\" data-elementor-id=\"10729\" class=\"elementor elementor-10729\">\n\t\t\t\t\t\t<section class=\"elementor-section elementor-top-section elementor-element elementor-element-262bc14 elementor-section-boxed elementor-section-height-default elementor-section-height-default\" data-id=\"262bc14\" data-element_type=\"section\" data-e-type=\"section\">\n\t\t\t\t\t\t<div class=\"elementor-container elementor-column-gap-default\">\n\t\t\t\t\t<div class=\"elementor-column elementor-col-100 elementor-top-column elementor-element elementor-element-652cf39\" data-id=\"652cf39\" data-element_type=\"column\" data-e-type=\"column\">\n\t\t\t<div class=\"elementor-widget-wrap elementor-element-populated\">\n\t\t\t\t\t\t<div class=\"elementor-element elementor-element-431c8e0 elementor-invisible elementor-widget elementor-widget-rt-title-text-button\" data-id=\"431c8e0\" data-element_type=\"widget\" data-e-type=\"widget\" data-widget_type=\"rt-title-text-button.default\">\n\t\t\t\t<div class=\"elementor-widget-container\">\n\t\t\t\t\t<div class=\"hide fadeInUp\" data-wow-delay=\"200ms\" data-wow-duration=\"1200ms\">\n    <div class=\"section-headingFour section-headingFour--style-1 mb-0 \">\n            <span class=\"section-headingFour__sub-title\">\u00dcR\u00dcNLER\u0130M\u0130Z<\/span>\n            <h2 class=\"section-headingFour__title\">En Uygun Teklifi Al\u0131n<\/h2>\n          <\/div>\n<\/div>\t\t\t\t<\/div>\n\t\t\t\t<\/div>\n\t\t\t\t<div class=\"elementor-element elementor-element-cf0a01d elementor-invisible elementor-widget elementor-widget-rt-service\" data-id=\"cf0a01d\" data-element_type=\"widget\" data-e-type=\"widget\" data-widget_type=\"rt-service.default\">\n\t\t\t\t<div class=\"elementor-widget-container\">\n\t\t\t\t\t\n<div class=\"row align-items-center\">\n    <div class=\"col-xl-4 col-lg-4 col-md-6 col-sm-12 col-12 wow fadeInUp mb-24\" data-wow-delay=\"200ms\" data-wow-duration=\"1500ms\">\n    <div class=\"why-choose why-choose--style-3 why-choose--style-4 why-choose--style-8\">\n            <div class=\"why-choose__thumb\">\n        <img fetchpriority=\"high\" decoding=\"async\" width=\"570\" height=\"420\" src=\"https:\/\/makrodijital.com\/wp-content\/uploads\/miknatis-03-570x420.jpg\" class=\"attachment-daisy-thumb3 size-daisy-thumb3 wp-post-image\" alt=\"\" srcset=\"https:\/\/makrodijital.com\/wp-content\/uploads\/miknatis-03-570x420.jpg 570w, https:\/\/makrodijital.com\/wp-content\/uploads\/miknatis-03-300x221.jpg 300w, https:\/\/makrodijital.com\/wp-content\/uploads\/miknatis-03-1024x755.jpg 1024w, https:\/\/makrodijital.com\/wp-content\/uploads\/miknatis-03-768x566.jpg 768w, https:\/\/makrodijital.com\/wp-content\/uploads\/miknatis-03.jpg 1085w\" sizes=\"(max-width: 570px) 100vw, 570px\" \/>      <\/div>\n                  <div class=\"icon-wrap\">\n        <div class=\"why-choose__icon\">\n          <i class=\"icon-advertising\"><\/i>\n        <\/div>\n      <\/div>\n            <div class=\"why-choose__content\">\n        <h3 class=\"why-choose__title\"><a class=\"color-secondary\" href=\"https:\/\/makrodijital.com\/en\/service\/diameter-6-mm-thickness-1-mm-neodymium-magnet\/\">Diameter 6 mm Thickness 1 mm Neodymium Magnet<\/a><\/h3>\n        <p>Diameter 6 mm Thickness 1 mm Neodymium Magnet Round<\/p>\n      <\/div>\n    <\/div>\n  <\/div>\n    <div class=\"col-xl-4 col-lg-4 col-md-6 col-sm-12 col-12 wow fadeInUp mb-24\" data-wow-delay=\"400ms\" data-wow-duration=\"1500ms\">\n    <div class=\"why-choose why-choose--style-3 why-choose--style-4 why-choose--style-8\">\n            <div class=\"why-choose__thumb\">\n        <img decoding=\"async\" width=\"570\" height=\"420\" src=\"https:\/\/makrodijital.com\/wp-content\/uploads\/miknatis-04-570x420.jpg\" class=\"attachment-daisy-thumb3 size-daisy-thumb3 wp-post-image\" alt=\"\" srcset=\"https:\/\/makrodijital.com\/wp-content\/uploads\/miknatis-04-570x420.jpg 570w, https:\/\/makrodijital.com\/wp-content\/uploads\/miknatis-04-300x221.jpg 300w, https:\/\/makrodijital.com\/wp-content\/uploads\/miknatis-04-1024x755.jpg 1024w, https:\/\/makrodijital.com\/wp-content\/uploads\/miknatis-04-768x566.jpg 768w, https:\/\/makrodijital.com\/wp-content\/uploads\/miknatis-04.jpg 1085w\" sizes=\"(max-width: 570px) 100vw, 570px\" \/>      <\/div>\n                  <div class=\"icon-wrap\">\n        <div class=\"why-choose__icon\">\n          <i class=\"icon-advertising\"><\/i>\n        <\/div>\n      <\/div>\n            <div class=\"why-choose__content\">\n        <h3 class=\"why-choose__title\"><a class=\"color-secondary\" href=\"https:\/\/makrodijital.com\/en\/service\/diameter-7-mm-thickness-1-5-mm-neodymium-magnet\/\">Diameter 7 mm Thickness 1.5 mm Neodymium Magnet<\/a><\/h3>\n        <p>Diameter 7 mm Thickness 1.5 mm Neodymium Magnet Round<\/p>\n      <\/div>\n    <\/div>\n  <\/div>\n    <div class=\"col-xl-4 col-lg-4 col-md-6 col-sm-12 col-12 wow fadeInUp mb-24\" data-wow-delay=\"600ms\" data-wow-duration=\"1500ms\">\n    <div class=\"why-choose why-choose--style-3 why-choose--style-4 why-choose--style-8\">\n            <div class=\"why-choose__thumb\">\n        <img fetchpriority=\"high\" decoding=\"async\" width=\"570\" height=\"420\" src=\"https:\/\/makrodijital.com\/wp-content\/uploads\/miknatis-03-570x420.jpg\" class=\"attachment-daisy-thumb3 size-daisy-thumb3 wp-post-image\" alt=\"\" srcset=\"https:\/\/makrodijital.com\/wp-content\/uploads\/miknatis-03-570x420.jpg 570w, https:\/\/makrodijital.com\/wp-content\/uploads\/miknatis-03-300x221.jpg 300w, https:\/\/makrodijital.com\/wp-content\/uploads\/miknatis-03-1024x755.jpg 1024w, https:\/\/makrodijital.com\/wp-content\/uploads\/miknatis-03-768x566.jpg 768w, https:\/\/makrodijital.com\/wp-content\/uploads\/miknatis-03.jpg 1085w\" sizes=\"(max-width: 570px) 100vw, 570px\" \/>      <\/div>\n                  <div class=\"icon-wrap\">\n        <div class=\"why-choose__icon\">\n          <i class=\"icon-advertising\"><\/i>\n        <\/div>\n      <\/div>\n            <div class=\"why-choose__content\">\n        <h3 class=\"why-choose__title\"><a class=\"color-secondary\" href=\"https:\/\/makrodijital.com\/en\/service\/diameter-5-mm-thickness-1-mm-neodymium-magnet\/\">Diameter 5 mm Thickness 1 mm Neodymium Magnet<\/a><\/h3>\n        <p>Diameter 5 mm Thickness 1 mm Neodymium Magnet Round<\/p>\n      <\/div>\n    <\/div>\n  <\/div>\n    <div class=\"col-xl-4 col-lg-4 col-md-6 col-sm-12 col-12 wow fadeInUp mb-24\" data-wow-delay=\"800ms\" data-wow-duration=\"1500ms\">\n    <div class=\"why-choose why-choose--style-3 why-choose--style-4 why-choose--style-8\">\n            <div class=\"why-choose__thumb\">\n        <img decoding=\"async\" width=\"570\" height=\"420\" src=\"https:\/\/makrodijital.com\/wp-content\/uploads\/miknatis-01-570x420.jpg\" class=\"attachment-daisy-thumb3 size-daisy-thumb3 wp-post-image\" alt=\"\" srcset=\"https:\/\/makrodijital.com\/wp-content\/uploads\/miknatis-01-570x420.jpg 570w, https:\/\/makrodijital.com\/wp-content\/uploads\/miknatis-01-300x221.jpg 300w, https:\/\/makrodijital.com\/wp-content\/uploads\/miknatis-01-1024x755.jpg 1024w, https:\/\/makrodijital.com\/wp-content\/uploads\/miknatis-01-768x566.jpg 768w, https:\/\/makrodijital.com\/wp-content\/uploads\/miknatis-01.jpg 1085w\" sizes=\"(max-width: 570px) 100vw, 570px\" \/>      <\/div>\n                  <div class=\"icon-wrap\">\n        <div class=\"why-choose__icon\">\n          <i class=\"icon-advertising\"><\/i>\n        <\/div>\n      <\/div>\n            <div class=\"why-choose__content\">\n        <h3 class=\"why-choose__title\"><a class=\"color-secondary\" href=\"https:\/\/makrodijital.com\/en\/service\/diameter-18-mm-thickness-3-mm-oxide-magnet\/\">Diameter 18 mm Thickness 3 mm Oxide Magnet<\/a><\/h3>\n        <p>Diameter 18 mm Thickness 3 mm Oxide Magnet Round,<\/p>\n      <\/div>\n    <\/div>\n  <\/div>\n    <div class=\"col-xl-4 col-lg-4 col-md-6 col-sm-12 col-12 wow fadeInUp mb-24\" data-wow-delay=\"1000ms\" data-wow-duration=\"1500ms\">\n    <div class=\"why-choose why-choose--style-3 why-choose--style-4 why-choose--style-8\">\n            <div class=\"why-choose__thumb\">\n        <img loading=\"lazy\" decoding=\"async\" width=\"570\" height=\"420\" src=\"https:\/\/makrodijital.com\/wp-content\/uploads\/miknatis-02-570x420.jpg\" class=\"attachment-daisy-thumb3 size-daisy-thumb3 wp-post-image\" alt=\"\" srcset=\"https:\/\/makrodijital.com\/wp-content\/uploads\/miknatis-02-570x420.jpg 570w, https:\/\/makrodijital.com\/wp-content\/uploads\/miknatis-02-300x221.jpg 300w, https:\/\/makrodijital.com\/wp-content\/uploads\/miknatis-02-1024x755.jpg 1024w, https:\/\/makrodijital.com\/wp-content\/uploads\/miknatis-02-768x566.jpg 768w, https:\/\/makrodijital.com\/wp-content\/uploads\/miknatis-02.jpg 1085w\" sizes=\"(max-width: 570px) 100vw, 570px\" \/>      <\/div>\n                  <div class=\"icon-wrap\">\n        <div class=\"why-choose__icon\">\n          <i class=\"icon-advertising\"><\/i>\n        <\/div>\n      <\/div>\n            <div class=\"why-choose__content\">\n        <h3 class=\"why-choose__title\"><a class=\"color-secondary\" href=\"https:\/\/makrodijital.com\/en\/service\/diameter-10-mm-thickness-3-mm-oxide-magnet\/\">Diameter 10 mm Thickness 3 mm Oxide Magnet<\/a><\/h3>\n        <p>Diameter 10 mm Thickness 3 mm Oxide Magnet Oxide,<\/p>\n      <\/div>\n    <\/div>\n  <\/div>\n    <div class=\"col-xl-4 col-lg-4 col-md-6 col-sm-12 col-12 wow fadeInUp mb-24\" data-wow-delay=\"1200ms\" data-wow-duration=\"1500ms\">\n    <div class=\"why-choose why-choose--style-3 why-choose--style-4 why-choose--style-8\">\n            <div class=\"why-choose__thumb\">\n        <img loading=\"lazy\" decoding=\"async\" width=\"570\" height=\"420\" src=\"https:\/\/makrodijital.com\/wp-content\/uploads\/pnomatik_buton01-570x420.jpg\" class=\"attachment-daisy-thumb3 size-daisy-thumb3 wp-post-image\" alt=\"\" srcset=\"https:\/\/makrodijital.com\/wp-content\/uploads\/pnomatik_buton01-570x420.jpg 570w, https:\/\/makrodijital.com\/wp-content\/uploads\/pnomatik_buton01-300x221.jpg 300w, https:\/\/makrodijital.com\/wp-content\/uploads\/pnomatik_buton01-1024x755.jpg 1024w, https:\/\/makrodijital.com\/wp-content\/uploads\/pnomatik_buton01-768x566.jpg 768w, https:\/\/makrodijital.com\/wp-content\/uploads\/pnomatik_buton01.jpg 1085w\" sizes=\"(max-width: 570px) 100vw, 570px\" \/>      <\/div>\n                  <div class=\"icon-wrap\">\n        <div class=\"why-choose__icon\">\n          <i class=\"icon-advertising\"><\/i>\n        <\/div>\n      <\/div>\n            <div class=\"why-choose__content\">\n        <h3 class=\"why-choose__title\"><a class=\"color-secondary\" href=\"https:\/\/makrodijital.com\/en\/service\/pneumatic-air-button-machine\/\">Pneumatic Air Button Machine<\/a><\/h3>\n        <p>Pneumatic Air Button Machine Fast and high quality production;\u00a0Daily<\/p>\n      <\/div>\n    <\/div>\n  <\/div>\n    <div class=\"col-xl-4 col-lg-4 col-md-6 col-sm-12 col-12 wow fadeInUp mb-24\" data-wow-delay=\"1400ms\" data-wow-duration=\"1500ms\">\n    <div class=\"why-choose why-choose--style-3 why-choose--style-4 why-choose--style-8\">\n            <div class=\"why-choose__thumb\">\n        <img loading=\"lazy\" decoding=\"async\" width=\"570\" height=\"420\" src=\"https:\/\/makrodijital.com\/wp-content\/uploads\/manuel-buton-makinesi-01-570x420.jpg\" class=\"attachment-daisy-thumb3 size-daisy-thumb3 wp-post-image\" alt=\"\" srcset=\"https:\/\/makrodijital.com\/wp-content\/uploads\/manuel-buton-makinesi-01-570x420.jpg 570w, https:\/\/makrodijital.com\/wp-content\/uploads\/manuel-buton-makinesi-01-300x221.jpg 300w, https:\/\/makrodijital.com\/wp-content\/uploads\/manuel-buton-makinesi-01-1024x755.jpg 1024w, https:\/\/makrodijital.com\/wp-content\/uploads\/manuel-buton-makinesi-01-768x566.jpg 768w, https:\/\/makrodijital.com\/wp-content\/uploads\/manuel-buton-makinesi-01.jpg 1085w\" sizes=\"(max-width: 570px) 100vw, 570px\" \/>      <\/div>\n                  <div class=\"icon-wrap\">\n        <div class=\"why-choose__icon\">\n          <i class=\"icon-advertising\"><\/i>\n        <\/div>\n      <\/div>\n            <div class=\"why-choose__content\">\n        <h3 class=\"why-choose__title\"><a class=\"color-secondary\" href=\"https:\/\/makrodijital.com\/en\/service\/manual-button-machine\/\">Manual Button Machine<\/a><\/h3>\n        <p>Manual Button Machine Robust steel and aluminum body Quick<\/p>\n      <\/div>\n    <\/div>\n  <\/div>\n    <div class=\"col-xl-4 col-lg-4 col-md-6 col-sm-12 col-12 wow fadeInUp mb-24\" data-wow-delay=\"1600ms\" data-wow-duration=\"1500ms\">\n    <div class=\"why-choose why-choose--style-3 why-choose--style-4 why-choose--style-8\">\n            <div class=\"why-choose__thumb\">\n        <img loading=\"lazy\" decoding=\"async\" width=\"570\" height=\"420\" src=\"https:\/\/makrodijital.com\/wp-content\/uploads\/58-mm-Buton-Kesici-570x420.jpg\" class=\"attachment-daisy-thumb3 size-daisy-thumb3 wp-post-image\" alt=\"\" srcset=\"https:\/\/makrodijital.com\/wp-content\/uploads\/58-mm-Buton-Kesici-570x420.jpg 570w, https:\/\/makrodijital.com\/wp-content\/uploads\/58-mm-Buton-Kesici-300x221.jpg 300w, https:\/\/makrodijital.com\/wp-content\/uploads\/58-mm-Buton-Kesici-1024x755.jpg 1024w, https:\/\/makrodijital.com\/wp-content\/uploads\/58-mm-Buton-Kesici-768x566.jpg 768w, https:\/\/makrodijital.com\/wp-content\/uploads\/58-mm-Buton-Kesici.jpg 1085w\" sizes=\"(max-width: 570px) 100vw, 570px\" \/>      <\/div>\n                  <div class=\"icon-wrap\">\n        <div class=\"why-choose__icon\">\n          <i class=\"icon-advertising\"><\/i>\n        <\/div>\n      <\/div>\n            <div class=\"why-choose__content\">\n        <h3 class=\"why-choose__title\"><a class=\"color-secondary\" href=\"https:\/\/makrodijital.com\/en\/service\/58-mm-button-cutter\/\">58 mm Button Cutter<\/a><\/h3>\n        <p>58 mm Button Cutter It is a guillotine system<\/p>\n      <\/div>\n    <\/div>\n  <\/div>\n    <div class=\"col-xl-4 col-lg-4 col-md-6 col-sm-12 col-12 wow fadeInUp mb-24\" data-wow-delay=\"1800ms\" data-wow-duration=\"1500ms\">\n    <div class=\"why-choose why-choose--style-3 why-choose--style-4 why-choose--style-8\">\n            <div class=\"why-choose__thumb\">\n        <img loading=\"lazy\" decoding=\"async\" width=\"570\" height=\"420\" src=\"https:\/\/makrodijital.com\/wp-content\/uploads\/58-mm-Buton-Kesici-570x420.jpg\" class=\"attachment-daisy-thumb3 size-daisy-thumb3 wp-post-image\" alt=\"\" srcset=\"https:\/\/makrodijital.com\/wp-content\/uploads\/58-mm-Buton-Kesici-570x420.jpg 570w, https:\/\/makrodijital.com\/wp-content\/uploads\/58-mm-Buton-Kesici-300x221.jpg 300w, https:\/\/makrodijital.com\/wp-content\/uploads\/58-mm-Buton-Kesici-1024x755.jpg 1024w, https:\/\/makrodijital.com\/wp-content\/uploads\/58-mm-Buton-Kesici-768x566.jpg 768w, https:\/\/makrodijital.com\/wp-content\/uploads\/58-mm-Buton-Kesici.jpg 1085w\" sizes=\"(max-width: 570px) 100vw, 570px\" \/>      <\/div>\n                  <div class=\"icon-wrap\">\n        <div class=\"why-choose__icon\">\n          <i class=\"icon-advertising\"><\/i>\n        <\/div>\n      <\/div>\n            <div class=\"why-choose__content\">\n        <h3 class=\"why-choose__title\"><a class=\"color-secondary\" href=\"https:\/\/makrodijital.com\/en\/service\/44-mm-button-cutter\/\">44 mm Button Cutter<\/a><\/h3>\n        <p>44 mm Buton Kesici It is one of the<\/p>\n      <\/div>\n    <\/div>\n  <\/div>\n    <div class=\"col-xl-4 col-lg-4 col-md-6 col-sm-12 col-12 wow fadeInUp mb-24\" data-wow-delay=\"2000ms\" data-wow-duration=\"1500ms\">\n    <div class=\"why-choose why-choose--style-3 why-choose--style-4 why-choose--style-8\">\n            <div class=\"why-choose__thumb\">\n        <img loading=\"lazy\" decoding=\"async\" width=\"570\" height=\"420\" src=\"https:\/\/makrodijital.com\/wp-content\/uploads\/058-mm-buton-kalibi-01-570x420.jpg\" class=\"attachment-daisy-thumb3 size-daisy-thumb3 wp-post-image\" alt=\"\" srcset=\"https:\/\/makrodijital.com\/wp-content\/uploads\/058-mm-buton-kalibi-01-570x420.jpg 570w, https:\/\/makrodijital.com\/wp-content\/uploads\/058-mm-buton-kalibi-01-300x221.jpg 300w, https:\/\/makrodijital.com\/wp-content\/uploads\/058-mm-buton-kalibi-01-1024x755.jpg 1024w, https:\/\/makrodijital.com\/wp-content\/uploads\/058-mm-buton-kalibi-01-768x566.jpg 768w, https:\/\/makrodijital.com\/wp-content\/uploads\/058-mm-buton-kalibi-01.jpg 1085w\" sizes=\"(max-width: 570px) 100vw, 570px\" \/>      <\/div>\n                  <div class=\"icon-wrap\">\n        <div class=\"why-choose__icon\">\n          <i class=\"icon-advertising\"><\/i>\n        <\/div>\n      <\/div>\n            <div class=\"why-choose__content\">\n        <h3 class=\"why-choose__title\"><a class=\"color-secondary\" href=\"https:\/\/makrodijital.com\/en\/service\/58-mm-button-mold\/\">58 mm Button Mold<\/a><\/h3>\n        <p>0.58 mm Button Mold 58 mm Button Badge Printing<\/p>\n      <\/div>\n    <\/div>\n  <\/div>\n    <div class=\"col-xl-4 col-lg-4 col-md-6 col-sm-12 col-12 wow fadeInUp mb-24\" data-wow-delay=\"2200ms\" data-wow-duration=\"1500ms\">\n    <div class=\"why-choose why-choose--style-3 why-choose--style-4 why-choose--style-8\">\n            <div class=\"why-choose__thumb\">\n        <img loading=\"lazy\" decoding=\"async\" width=\"570\" height=\"420\" src=\"https:\/\/makrodijital.com\/wp-content\/uploads\/058-mm-buton-kalibi-01-570x420.jpg\" class=\"attachment-daisy-thumb3 size-daisy-thumb3 wp-post-image\" alt=\"\" srcset=\"https:\/\/makrodijital.com\/wp-content\/uploads\/058-mm-buton-kalibi-01-570x420.jpg 570w, https:\/\/makrodijital.com\/wp-content\/uploads\/058-mm-buton-kalibi-01-300x221.jpg 300w, https:\/\/makrodijital.com\/wp-content\/uploads\/058-mm-buton-kalibi-01-1024x755.jpg 1024w, https:\/\/makrodijital.com\/wp-content\/uploads\/058-mm-buton-kalibi-01-768x566.jpg 768w, https:\/\/makrodijital.com\/wp-content\/uploads\/058-mm-buton-kalibi-01.jpg 1085w\" sizes=\"(max-width: 570px) 100vw, 570px\" \/>      <\/div>\n                  <div class=\"icon-wrap\">\n        <div class=\"why-choose__icon\">\n          <i class=\"icon-advertising\"><\/i>\n        <\/div>\n      <\/div>\n            <div class=\"why-choose__content\">\n        <h3 class=\"why-choose__title\"><a class=\"color-secondary\" href=\"https:\/\/makrodijital.com\/en\/service\/44-mm-button-mold\/\">44 mm Button Mold<\/a><\/h3>\n        <p>44 mm Button Mold Button Badges used in badge<\/p>\n      <\/div>\n    <\/div>\n  <\/div>\n  <\/div>\n\n\n\n\t\t\t\t<\/div>\n\t\t\t\t<\/div>\n\t\t\t\t\t<\/div>\n\t\t<\/div>\n\t\t\t\t\t<\/div>\n\t\t<\/section>\n\t\t\t\t<\/div>\n\t\t","protected":false},"excerpt":{"rendered":"<p>\u00dcR\u00dcNLER\u0130M\u0130Z En Uygun Teklifi Al\u0131n \u00c7ap 6 mm Kal\u0131nl\u0131k 1 mm Neodyum M\u0131knat\u0131s En kaliteli i\u00e7eriklerle, markan\u0131z\u0131 dijitalde bir ad\u0131m \u00f6ne \u00e7\u0131karmak \u00c7ap 7 mm Kal\u0131nl\u0131k 1,5 mm Neodyum M\u0131knat\u0131s En kaliteli i\u00e7eriklerle, markan\u0131z\u0131 dijitalde bir ad\u0131m \u00f6ne \u00e7\u0131karmak \u00c7ap 5 mm Kal\u0131nl\u0131k 1 mm Neodyum M\u0131knat\u0131s En kaliteli i\u00e7eriklerle, markan\u0131z\u0131 dijitalde bir ad\u0131m \u00f6ne&#8230;<\/p>\n","protected":false},"author":1,"featured_media":0,"parent":0,"menu_order":0,"comment_status":"closed","ping_status":"closed","template":"templates\/blank.php","meta":{"footnotes":""},"class_list":["post-10729","page","type-page","status-publish","hentry","have-post-thumb"],"_links":{"self":[{"href":"https:\/\/makrodijital.com\/en\/wp-json\/wp\/v2\/pages\/10729","targetHints":{"allow":["GET"]}}],"collection":[{"href":"https:\/\/makrodijital.com\/en\/wp-json\/wp\/v2\/pages"}],"about":[{"href":"https:\/\/makrodijital.com\/en\/wp-json\/wp\/v2\/types\/page"}],"author":[{"embeddable":true,"href":"https:\/\/makrodijital.com\/en\/wp-json\/wp\/v2\/users\/1"}],"replies":[{"embeddable":true,"href":"https:\/\/makrodijital.com\/en\/wp-json\/wp\/v2\/comments?post=10729"}],"version-history":[{"count":26,"href":"https:\/\/makrodijital.com\/en\/wp-json\/wp\/v2\/pages\/10729\/revisions"}],"predecessor-version":[{"id":11739,"href":"https:\/\/makrodijital.com\/en\/wp-json\/wp\/v2\/pages\/10729\/revisions\/11739"}],"wp:attachment":[{"href":"https:\/\/makrodijital.com\/en\/wp-json\/wp\/v2\/media?parent=10729"}],"curies":[{"name":"wp","href":"https:\/\/api.w.org\/{rel}","templated":true}]}}